{"id":72,"date":"2022-02-07T17:41:51","date_gmt":"2022-02-07T17:41:51","guid":{"rendered":"http:\/\/vecos-world.org\/2022\/?page_id=72"},"modified":"2024-10-08T15:43:11","modified_gmt":"2024-10-08T13:43:11","slug":"organizers","status":"publish","type":"page","link":"https:\/\/www.vecos-world.org\/2024\/organizers\/","title":{"rendered":"Organizers"},"content":{"rendered":"\t\t<div data-elementor-type=\"wp-page\" data-elementor-id=\"72\" class=\"elementor elementor-72\">\n\t\t\t\t\t\t\t\t\t<section class=\"elementor-section elementor-top-section elementor-element elementor-element-29c8b09 elementor-section-boxed elementor-section-height-default elementor-section-height-default\" data-id=\"29c8b09\" data-element_type=\"section\">\n\t\t\t\t\t\t<div class=\"elementor-container elementor-column-gap-default\">\n\t\t\t\t\t<div class=\"elementor-column elementor-col-100 elementor-top-column elementor-element elementor-element-8718a57\" data-id=\"8718a57\" data-element_type=\"column\">\n\t\t\t<div class=\"elementor-widget-wrap elementor-element-populated\">\n\t\t\t\t\t\t\t\t<section class=\"elementor-section elementor-inner-section elementor-element elementor-element-a5fd38f elementor-section-boxed elementor-section-height-default elementor-section-height-default\" data-id=\"a5fd38f\" data-element_type=\"section\">\n\t\t\t\t\t\t<div class=\"elementor-container elementor-column-gap-default\">\n\t\t\t\t\t<div class=\"elementor-column elementor-col-50 elementor-inner-column elementor-element elementor-element-eda887e\" data-id=\"eda887e\" data-element_type=\"column\">\n\t\t\t<div class=\"elementor-widget-wrap elementor-element-populated\">\n\t\t\t\t\t\t\t\t<div class=\"elementor-element elementor-element-ad556a0 elementor-widget elementor-widget-text-editor\" data-id=\"ad556a0\" data-element_type=\"widget\" data-widget_type=\"text-editor.default\">\n\t\t\t\t<div class=\"elementor-widget-container\">\n\t\t\t<style>\/*! elementor - v3.18.0 - 20-12-2023 *\/\n.elementor-widget-text-editor.elementor-drop-cap-view-stacked .elementor-drop-cap{background-color:#69727d;color:#fff}.elementor-widget-text-editor.elementor-drop-cap-view-framed .elementor-drop-cap{color:#69727d;border:3px solid;background-color:transparent}.elementor-widget-text-editor:not(.elementor-drop-cap-view-default) .elementor-drop-cap{margin-top:8px}.elementor-widget-text-editor:not(.elementor-drop-cap-view-default) .elementor-drop-cap-letter{width:1em;height:1em}.elementor-widget-text-editor .elementor-drop-cap{float:left;text-align:center;line-height:1;font-size:50px}.elementor-widget-text-editor .elementor-drop-cap-letter{display:inline-block}<\/style>\t\t\t\t<h3>Steering Committee<\/h3><p><a href=\"http:\/\/lamos.org\/\">Djamil Aissani<\/a>, LAMOS, University of B\u00e9ja\u00efa<br \/><a href=\"http:\/\/www.it.uu.se\/katalog\/mohat117\">Mohamed Faouzi Atig<\/a>, Uppsala University<br \/><a href=\"https:\/\/cedric.cnam.fr\/lab\/author\/Barkaoui\/\">Kamel Barkaoui<\/a>, C\u00e9dric, Le Cnam, Paris (Chair)<br \/><a href=\"http:\/\/www.polymtl.ca\/recherche\/rc\/professeurs\/details.php?NoProf=250\">Hanifa Boucheneb<\/a>, Veriform, Polytechnique Montr\u00e9al<br \/><a href=\"https:\/\/profs.info.uaic.ro\/~gabriel\/\">Gabriel Ciobanu<\/a>, Romanian Academy, Iasi\u00a0<br \/><a href=\"https:\/\/www.linkedin.com\/in\/karim-djouani\/\">Karim Djouani<\/a>, Tshwane University of Technology, Pretoria\u00a0<br \/><a href=\"https:\/\/www.mdu.se\/en\/malardalen-university\/staff?id=ffi01\">Francesco Flammini<\/a>, M\u00e4lardalen University, Eskilstuna<br \/><a href=\"https:\/\/www.linkedin.com\/in\/belgacem-ben-hedia-77aa8524\">Belgacem Ben Hedia<\/a>, LIST CEA, Saclay<br \/><a href=\"https:\/\/www.fi.muni.cz\/usr\/kucera\/\">Anton\u00edn Ku\u010dera<\/a>, Masaryk University, Brno<br \/><a href=\"https:\/\/ieeexplore.ieee.org\/author\/37279082800\">Zhiwu Li<\/a>, Xidian University, Xi&#8217;an<br \/><a href=\"https:\/\/sites.google.com\/view\/maleh\">Yassine Maleh<\/a>, Sultan Moulay Slimane University, B\u00e9ni Mellal<br \/><a href=\"https:\/\/people.njit.edu\/faculty\/mili\">Ali Mili<\/a>, New Jersey Institute of Technology, Newark<br \/><a href=\"http:\/\/u2is.ensta-paristech.fr\/members\/bmonsuez\/?lang=fr\">Bruno Monsuez<\/a>, ENSTA UIIS, Palaiseau<br \/><a href=\"https:\/\/scholar.google.com\/citations?user=niQAGcQAAAAJ&amp;hl=en\">Geguang Pu<\/a>, East China Normal University, Shanghai<br \/><a href=\"https:\/\/www.linkedin.com\/in\/riadh-robbana-8670741\/\">Riadh Robbana<\/a>, INSAT, Tunis<\/p>\t\t\t\t\t\t<\/div>\n\t\t\t\t<\/div>\n\t\t\t\t\t<\/div>\n\t\t<\/div>\n\t\t\t\t<div class=\"elementor-column elementor-col-50 elementor-inner-column elementor-element elementor-element-77d7807\" data-id=\"77d7807\" data-element_type=\"column\">\n\t\t\t<div class=\"elementor-widget-wrap elementor-element-populated\">\n\t\t\t\t\t\t\t\t<div class=\"elementor-element elementor-element-7b4f02d elementor-widget elementor-widget-text-editor\" data-id=\"7b4f02d\" data-element_type=\"widget\" data-widget_type=\"text-editor.default\">\n\t\t\t\t<div class=\"elementor-widget-container\">\n\t\t\t\t\t\t\t<div style=\"-webkit-tap-highlight-color: transparent; color: #525252;\">\n<div style=\"-webkit-tap-highlight-color: transparent;\">\n<h3>Organizers<\/h3>\n<p style=\"margin-bottom: 10px;\"><b style=\"font-family: var( --e-global-typography-text-font-family ), Sans-serif; font-size: 1rem;\">PC Co-Chairs: <a href=\"https:\/\/pagespro.univ-gustave-eiffel.fr\/mohamed-ghazel\">Mohamed Ghazel<\/a><\/b><span style=\"font-family: var( --e-global-typography-text-font-family ), Sans-serif; font-weight: var( --e-global-typography-text-font-weight ); background-color: transparent; font-size: 1rem;\"><b>, <\/b>Gustave Eiffel University, France<\/span><\/p>\n<\/div>\n<\/div>\n<div style=\"-webkit-tap-highlight-color: transparent; color: #525252;\">\n<div style=\"-webkit-tap-highlight-color: transparent;\">\n<p style=\"margin-bottom: 10px;\"><b>&nbsp; &nbsp;&nbsp; &nbsp;&nbsp; &nbsp;&nbsp; &nbsp;&nbsp; &nbsp;&nbsp; &nbsp;&nbsp; &nbsp;&nbsp; &nbsp;<\/b><a href=\"http:\/\/u2is.ensta-paris.fr\/members\/bmonsuez\/index.php?lang=en\"><strong> Bruno Monsuez<\/strong><\/a>, ENSTA paris, France<\/p>\n<p style=\"margin-bottom: 10px;\"><span style=\"font-weight: bold;\">Publicity Chair:&nbsp;<\/span><a style=\"-webkit-tap-highlight-color: transparent; outline: 0px;\" href=\"https:\/\/www.linkedin.com\/in\/belgacem-ben-hedia-77aa8524\">Belgacem Ben Hedia<\/a>,&nbsp;<span style=\"font-weight: var( --e-global-typography-text-font-weight ); color: #000000;\">CEA&nbsp;<\/span><span style=\"color: #000000; font-family: var( --e-global-typography-text-font-family ), Sans-serif; font-weight: var( --e-global-typography-text-font-weight ); font-size: 1rem;\">LIST,&nbsp;<\/span><span style=\"color: #000000; font-weight: var( --e-global-typography-text-font-weight ); font-family: var( --e-global-typography-text-font-family ), Sans-serif; font-size: 1rem;\">Saclay<\/span><\/p>\n<\/div>\n<\/div>\n<div style=\"-webkit-tap-highlight-color: transparent;\">\n<div style=\"-webkit-tap-highlight-color: transparent;\">\n<p style=\"color: #525252; margin-bottom: 10px;\"><span style=\"font-weight: bold;\">Local organizers:<\/span><\/p>\n<ul>\n<li><font color=\"#525252\">Mohsen Erouel, ISIM Medenine, Tunisia<\/font><\/li>\n<li><font color=\"#525252\">Olfa Hamrouni, ISET Djerba, Tunisia<br><\/font><\/li>\n<li><span style=\"color: rgb(82, 82, 82); font-family: var( --e-global-typography-text-font-family ), Sans-serif; font-weight: var( --e-global-typography-text-font-weight ); font-size: 1rem;\">Soufiene Ben Othmane,&nbsp;<\/span><span style=\"color: rgb(82, 82, 82); font-family: var( --e-global-typography-text-font-family ), Sans-serif; font-weight: var( --e-global-typography-text-font-weight ); font-size: 1rem;\">ISIM Medenine, Tunisia<\/span><\/li>\n<li>Dhaou Brini, ISET Djerba, Tunisia<\/li>\n<li>Ali Oukhay, Djerba civil society, Tunsia<\/li>\n<p><font color=\"#525252\"><\/font><\/p>\n<p><font color=\"#525252\"><\/font><\/p>\n<p><font color=\"#525252\"><\/font>\n<\/p>\n<\/ul>\n<\/div>\n<\/div>\t\t\t\t\t\t<\/div>\n\t\t\t\t<\/div>\n\t\t\t\t\t<\/div>\n\t\t<\/div>\n\t\t\t\t\t\t\t<\/div>\n\t\t<\/section>\n\t\t\t\t<div class=\"elementor-element elementor-element-88ad4be elementor-widget elementor-widget-text-editor\" data-id=\"88ad4be\" data-element_type=\"widget\" data-widget_type=\"text-editor.default\">\n\t\t\t\t<div class=\"elementor-widget-container\">\n\t\t\t\t\t\t\t<h3 style=\"text-align: left;\">Program Committee<\/h3>\t\t\t\t\t\t<\/div>\n\t\t\t\t<\/div>\n\t\t\t\t<section class=\"elementor-section elementor-inner-section elementor-element elementor-element-d93bb0e elementor-section-boxed elementor-section-height-default elementor-section-height-default\" data-id=\"d93bb0e\" data-element_type=\"section\">\n\t\t\t\t\t\t<div class=\"elementor-container elementor-column-gap-default\">\n\t\t\t\t\t<div class=\"elementor-column elementor-col-50 elementor-inner-column elementor-element elementor-element-445039c\" data-id=\"445039c\" data-element_type=\"column\">\n\t\t\t<div class=\"elementor-widget-wrap elementor-element-populated\">\n\t\t\t\t\t\t\t\t<div class=\"elementor-element elementor-element-59cae62 elementor-widget elementor-widget-text-editor\" data-id=\"59cae62\" data-element_type=\"widget\" data-widget_type=\"text-editor.default\">\n\t\t\t\t<div class=\"elementor-widget-container\">\n\t\t\t\t\t\t\t<p>Wilfred Adoni ( Helmholtz-Zentrum Dresden-Rossendorf )<br \/>Djamil Aissani ( University of Bejaia)<br \/>Yamine Ait Ameur ( IRIT\/INPT-ENSEEIHT )<br \/>Rabah Ammour ( Aix marseille University)<br \/>Mihail Asavoae ( CEA LIST)<br \/>Mohamed Faouzi Atig ( Uppsala University )<br \/>Eric Badouel ( INRIA Rennes )<br \/>Kamel Barkaoui ( Cedric- Le Cnam, Paris)<br \/>Faiza Belala ( University Constantine 2 )<br \/>Meriem Belguidoum ( University of Constantine 2 )<br \/>Imed Ben Dhaou ( The Hekma School of Engineering )<br \/>Imen Ben Hafaiedh ( ISI, Tunis Elmanar University )<br \/>Belgacem Ben Hedia ( CEA-LIST, Saclay )<br \/>Saddek Bensalem (Grenoble Alpe University)<br \/>Adel Benzina (ENSI Tunisie)<br \/>Patrice Bonhomme ( LIFAT, Tours University )<br \/>Ahmed Bouajjani ( Paris Cit\u00e9 University)<br \/>Hanifa Boucheneb (Polytechnique Montr\u00e9al)<br \/>Aymen Boudguiga (CEA LIST)<br \/>Yu-Fang Chen ( Academia Sinica, Taiwan )<br \/>Zhenbang Chen ( National University of Defense Technology)<br \/>Feng Chu ( IBISC, Evry Val d\u2019Essonne University)<br \/>Gabriel Ciobanu (Romanian Academy, ICS, Iasi )<br \/>Jean-Michel Couvreur ( Orleans University )<br \/>Silvano Dal Zilio ( LAAS-CNRS )<br \/>Isabel Demongodin ( Aix marseille University)<br \/>Khaled El-Fakih ( American University of Sharjah )<br \/>Mohamed Escheikh (ENIT, Tunis)<br \/>Alessandro Fantechi ( Universita di Firenze )<br \/>Annie Geniet ( ENSMA, Poitiers )<br \/>Mohamed Ghazel ( IFSTTAR, Gustave Eiffel university, Lille ) <strong>co-chair<\/strong><br \/>Serge Haddad ( LSV, ENS Cachan, Saclay)<br \/>Ahmed Harbaoui (King Abdulaziz University )<br \/>Yu-Fen Huang (Academia Sinica)<br \/>Radu Iosif ( Grenoble alpes University )<br \/>Abderrazak Jemai ( INSAT, Tunis )<br \/>Mohamed Jmaiel ( ReDCAD, ENIS, Sfax)<br \/>Jorge Julvez ( University of Cambridge )<\/p>\t\t\t\t\t\t<\/div>\n\t\t\t\t<\/div>\n\t\t\t\t\t<\/div>\n\t\t<\/div>\n\t\t\t\t<div class=\"elementor-column elementor-col-50 elementor-inner-column elementor-element elementor-element-6e5597e\" data-id=\"6e5597e\" data-element_type=\"column\">\n\t\t\t<div class=\"elementor-widget-wrap elementor-element-populated\">\n\t\t\t\t\t\t\t\t<div class=\"elementor-element elementor-element-de04d32 elementor-widget elementor-widget-text-editor\" data-id=\"de04d32\" data-element_type=\"widget\" data-widget_type=\"text-editor.default\">\n\t\t\t\t<div class=\"elementor-widget-container\">\n\t\t\t\t\t\t\t<p>Kais Klai (LIPN, Paris 13 University )<br \/>Moez Krichen ( Al-Baha University )<br \/>Lars Kristensen ( Western Norway University of Applied Sciences )<br \/>Antonin Kucera ( Masaryk University )<br \/>Mariam Lahami ( ENIS \u2013 Redcad, Tunisia )<br \/>Axel Legay ( UC Louvain )<br \/>Ondrej Lengal ( Brno University of Technology )<br \/>Alexei Lisitsa ( University of Liverpool )<br \/>Gaiyun Liu ( Xidian University, Xian )<br \/>Lei Ma (University of Alberta)<br \/>Yassine Maleh (University Sultan Moulay Slimane)<br \/>Roland Meyer ( TU Braunschweig )<br \/>Ali Mili ( New Jersey Institute of Technology )<br \/>Bruno Monsuez ( ENSTA ParisTech ,Saclay) <strong>co-chair<\/strong><br \/>Mohamed Mosbah ( LaBRI \u2013 University of Bordeaux )<br \/>Ayoub Nouri ( Huawei Research, Grenoble)<br \/>Samir Ouchani ( CESI Lineact )<br \/>Meriem Ouederni (Toulouse INP)<br \/>Catuscia Palamidessi ( INRIA Saclay &amp; Ecole Polytechnique Palaiseau )<br \/>Pasteur Poda (Nazi BONI University (UNB) Bobo-Dioulasso, Burkina Faso)<br \/>Geguang Pu ( East China Normal University )<br \/>Ameur-Boulifa Rab\u00e9a ( Telecom-ParisTech, Saclay)<br \/>Riadh Robbana (INSAT, University of Carthage )<br \/>Ricardo J. Rodr\u00edguez ( Universidad de Zaragoza )<br \/>Olivier H. Roux (LS2N, Ecole Centrale de Nantes )<br \/>Yassine Sadqi (Sultan Moulay Slimane University)<br \/>Layth Sliman (EFREI Paris)<br \/>Tayssir Touili (LIPN, CNRS &amp; University Paris 13 )<br \/>Weimin Wu (Zhejiang University, Hangzhou )<br \/>Xiang Yin (Shanghai Jiao Tong University)<\/p>\t\t\t\t\t\t<\/div>\n\t\t\t\t<\/div>\n\t\t\t\t\t<\/div>\n\t\t<\/div>\n\t\t\t\t\t\t\t<\/div>\n\t\t<\/section>\n\t\t\t\t\t<\/div>\n\t\t<\/div>\n\t\t\t\t\t\t\t<\/div>\n\t\t<\/section>\n\t\t\t\t\t\t\t<\/div>\n\t\t","protected":false},"excerpt":{"rendered":"<p>Steering Committee Djamil Aissani, LAMOS, University of B\u00e9ja\u00efaMohamed Faouzi Atig, Uppsala UniversityKamel Barkaoui, C\u00e9dric, Le Cnam, Paris (Chair)Hanifa Boucheneb, Veriform, Polytechnique Montr\u00e9alGabriel Ciobanu, Romanian Academy, Iasi\u00a0Karim Djouani, Tshwane University of Technology, Pretoria\u00a0Francesco Flammini, M\u00e4lardalen University, EskilstunaBelgacem Ben Hedia, LIST CEA, SaclayAnton\u00edn Ku\u010dera, Masaryk University, BrnoZhiwu Li, Xidian University, Xi&#8217;anYassine Maleh, Sultan Moulay Slimane University, B\u00e9ni &hellip; <\/p>\n<div class=\"link-more\"><a href=\"https:\/\/www.vecos-world.org\/2024\/organizers\/\" class=\"more-link\">Read More<span class=\"screen-reader-text\"> &#8220;Organizers&#8221;<\/span><\/a><\/div>\n","protected":false},"author":1,"featured_media":0,"parent":0,"menu_order":0,"comment_status":"closed","ping_status":"closed","template":"elementor_header_footer","meta":{"footnotes":""},"class_list":["post-72","page","type-page","status-publish","hentry"],"_links":{"self":[{"href":"https:\/\/www.vecos-world.org\/2024\/wp-json\/wp\/v2\/pages\/72","targetHints":{"allow":["GET"]}}],"collection":[{"href":"https:\/\/www.vecos-world.org\/2024\/wp-json\/wp\/v2\/pages"}],"about":[{"href":"https:\/\/www.vecos-world.org\/2024\/wp-json\/wp\/v2\/types\/page"}],"author":[{"embeddable":true,"href":"https:\/\/www.vecos-world.org\/2024\/wp-json\/wp\/v2\/users\/1"}],"replies":[{"embeddable":true,"href":"https:\/\/www.vecos-world.org\/2024\/wp-json\/wp\/v2\/comments?post=72"}],"version-history":[{"count":36,"href":"https:\/\/www.vecos-world.org\/2024\/wp-json\/wp\/v2\/pages\/72\/revisions"}],"predecessor-version":[{"id":888,"href":"https:\/\/www.vecos-world.org\/2024\/wp-json\/wp\/v2\/pages\/72\/revisions\/888"}],"wp:attachment":[{"href":"https:\/\/www.vecos-world.org\/2024\/wp-json\/wp\/v2\/media?parent=72"}],"curies":[{"name":"wp","href":"https:\/\/api.w.org\/{rel}","templated":true}]}}